{"id":1004573,"date":"2025-07-03T14:13:17","date_gmt":"2025-07-03T12:13:17","guid":{"rendered":"https:\/\/www.organicfarming-italy.com\/bezahlmoeglichkeiten\/"},"modified":"2026-03-19T18:04:25","modified_gmt":"2026-03-19T17:04:25","slug":"modes-de-paiement","status":"publish","type":"page","link":"https:\/\/www.organicfarming-italy.com\/fr\/modes-de-paiement\/","title":{"rendered":"Modes de paiement"},"content":{"rendered":"<div class=\"woocommerce woocommerce-gzd\">\n\t<ul class=\"payment_methods methods\">\n\t\t\t\t\t<li class=\"payment_method_ppcp\">\n\t\t\t\t<label>Paiement rapide par Paypal<img decoding=\"async\" src=\"https:\/\/www.organicfarming-italy.com\/wp-content\/plugins\/pymntpl-paypal-woocommerce\/assets\/img\/paypal_logo.svg\" alt=\"Paiement rapide par Paypal\" \/><\/label>\n\t\t\t\t\t\t\t\t\t<div class=\"payment_box payment_method_ppcp\">\n\t\t\t\t\t\t<p>Si tu cliques en bas sur \"Payer maintenant par Paypal\", la fen\u00eatre PayPal s'ouvre.<\/p>\n\t\t\t\t\t<\/div>\n\t\t\t\t\t\t\t<\/li>\n\t\t\t\t\t<li class=\"payment_method_stripe_cc\">\n\t\t\t\t<label>T\u00e9l\u00e9charger sans frais avec la carte de cr\u00e9dit<span class=\"wc-stripe-card-icons-container\">\n\t        <img decoding=\"async\" class=\"wc-stripe-card-icon amex\" alt=\"Amex\" src=\"https:\/\/www.organicfarming-italy.com\/wp-content\/plugins\/woo-stripe-payment\/assets\/img\/cards\/amex.svg\" \/>\n\t        <img decoding=\"async\" class=\"wc-stripe-card-icon visa\" alt=\"Visa\" src=\"https:\/\/www.organicfarming-italy.com\/wp-content\/plugins\/woo-stripe-payment\/assets\/img\/cards\/visa.svg\" \/>\n\t        <img decoding=\"async\" class=\"wc-stripe-card-icon mastercard\" alt=\"Mastercard\" src=\"https:\/\/www.organicfarming-italy.com\/wp-content\/plugins\/woo-stripe-payment\/assets\/img\/cards\/mastercard.svg\" \/>\n\t        <img decoding=\"async\" class=\"wc-stripe-card-icon maestro\" alt=\"Maestro\" src=\"https:\/\/www.organicfarming-italy.com\/wp-content\/plugins\/woo-stripe-payment\/assets\/img\/cards\/maestro.svg\" \/>\n\t<\/span><\/label>\n\t\t\t\t\t\t\t\t\t<div class=\"payment_box payment_method_stripe_cc\">\n\t\t\t\t\t\t<p>Nous vous invitons \u00e0 consulter vos donn\u00e9es de cr\u00e9dit.<\/p>\n\t\t\t\t\t<\/div>\n\t\t\t\t\t\t\t<\/li>\n\t\t\t\t\t<li class=\"payment_method_stripe_sepa\">\n\t\t\t\t<label>Par pr\u00e9l\u00e8vement SEPA (compte bancaire) (6-7 jours)<img decoding=\"async\" src=\"https:\/\/www.organicfarming-italy.com\/wp-content\/plugins\/woo-stripe-payment\/assets\/img\/sepa.svg\" alt=\"Par pr\u00e9l\u00e8vement SEPA (compte bancaire) (6-7 jours)\" \/><\/label>\n\t\t\t\t\t\t\t\t\t<div class=\"payment_box payment_method_stripe_sepa\">\n\t\t\t\t\t\t<p>Saisissez votre IBAN ici.<\/p>\n\t\t\t\t\t<\/div>\n\t\t\t\t\t\t\t<\/li>\n\t\t\t\t\t<li class=\"payment_method_ppec_paypal\">\n\t\t\t\t<label>Payer imm\u00e9diatement par PayPal (H\u00e9ritage)<\/label>\n\t\t\t\t\t\t\t<\/li>\n\t\t\t\t\t<li class=\"payment_method_bacs\">\n\t\t\t\t<label>Les d\u00e9penses sont effectu\u00e9es par les banques elles-m\u00eames<\/label>\n\t\t\t\t\t\t\t\t\t<div class=\"payment_box payment_method_bacs\">\n\t\t\t\t\t\t<p>En r\u00e8gle g\u00e9n\u00e9rale, directement \u00e0 notre banque. Le num\u00e9ro de commande doit \u00eatre consid\u00e9r\u00e9 comme un crit\u00e8re d'utilisation. Votre commande sera trait\u00e9e d\u00e8s qu'elle sera transf\u00e9r\u00e9e sur notre compte.  <\/p>\n\t\t\t\t\t<\/div>\n\t\t\t\t\t\t\t<\/li>\n\t\t\t<\/ul>\n<\/div>\n","protected":false},"excerpt":{"rendered":"","protected":false},"author":1,"featured_media":0,"parent":0,"menu_order":0,"comment_status":"closed","ping_status":"closed","template":"","meta":{"footnotes":""},"class_list":["post-1004573","page","type-page","status-publish","hentry"],"_links":{"self":[{"href":"https:\/\/www.organicfarming-italy.com\/fr\/wp-json\/wp\/v2\/pages\/1004573","targetHints":{"allow":["GET"]}}],"collection":[{"href":"https:\/\/www.organicfarming-italy.com\/fr\/wp-json\/wp\/v2\/pages"}],"about":[{"href":"https:\/\/www.organicfarming-italy.com\/fr\/wp-json\/wp\/v2\/types\/page"}],"author":[{"embeddable":true,"href":"https:\/\/www.organicfarming-italy.com\/fr\/wp-json\/wp\/v2\/users\/1"}],"replies":[{"embeddable":true,"href":"https:\/\/www.organicfarming-italy.com\/fr\/wp-json\/wp\/v2\/comments?post=1004573"}],"version-history":[{"count":1,"href":"https:\/\/www.organicfarming-italy.com\/fr\/wp-json\/wp\/v2\/pages\/1004573\/revisions"}],"predecessor-version":[{"id":1007308,"href":"https:\/\/www.organicfarming-italy.com\/fr\/wp-json\/wp\/v2\/pages\/1004573\/revisions\/1007308"}],"wp:attachment":[{"href":"https:\/\/www.organicfarming-italy.com\/fr\/wp-json\/wp\/v2\/media?parent=1004573"}],"curies":[{"name":"wp","href":"https:\/\/api.w.org\/{rel}","templated":true}]}}