{"id":1002089,"date":"2025-01-10T14:23:00","date_gmt":"2025-01-10T13:23:00","guid":{"rendered":"https:\/\/www.organicfarming-italy.com\/shop\/ein-besonderes-geschenk-bio-olivenbaum-adoption\/"},"modified":"2026-03-23T07:43:58","modified_gmt":"2026-03-23T06:43:58","slug":"cadeau-special-olivier","status":"publish","type":"product","link":"https:\/\/www.organicfarming-italy.com\/fr\/shop\/cadeau-special-olivier\/","title":{"rendered":"Un cadeau sp\u00e9cial : l&#8217;adoption d&#8217;un olivier bio"},"content":{"rendered":"<h3>Cadeau sp\u00e9cial - Parrainage d&#8217;un olivier bio<\/h3>\n<p>Cadeau sp\u00e9cial : tu cherches un cadeau vraiment exceptionnel et durable ? Avec le <strong>parrainage d&#8217;un olivier comme cadeau<\/strong>, tu n&#8217;offres pas seulement du plaisir, mais aussi un morceau d&#8217;Italie et la possibilit\u00e9 de faire partie d&#8217;un projet durable. Ce cadeau sp\u00e9cial allie plaisir, tradition et protection de l&#8217;environnement d&#8217;une mani\u00e8re incomparable qui restera longtemps en m\u00e9moire.  <\/p>\n<h3>Un cadeau sp\u00e9cial : ton propre olivier en Italie<\/h3>\n<p>Imagine que tu offres \u00e0 quelqu&#8217;un non seulement un arbre, mais aussi un lien tr\u00e8s sp\u00e9cial avec la nature - en provenance directe de la Ligurie ensoleill\u00e9e. L&#8217;olivier est muni d&#8217;une plaque nominative en bois d&#8217;olivier, fabriqu\u00e9e avec amour \u00e0 la main et personnalis\u00e9e individuellement. Qu&#8217;il s&#8217;agisse du nom du destinataire, d&#8217;un message ou d&#8217;un salut affectueux, ce d\u00e9tail rendra le cadeau unique. L&#8217;ensemble du moment sera immortalis\u00e9 par des photos et des vid\u00e9os, pour que le souvenir reste \u00e0 jamais.   <\/p>\n<p><img decoding=\"async\" class=\"alignleft wp-image-126505\" src=\"https:\/\/www.organicfarming-italy.com\/wp-content\/uploads\/Alles-ueber-Olivenbaum-Patenschaften-Geschenkpaket.webp\" alt=\"cadeau sp\u00e9cial\" width=\"250\" height=\"141\" srcset=\"https:\/\/www.organicfarming-italy.com\/wp-content\/uploads\/Alles-ueber-Olivenbaum-Patenschaften-Geschenkpaket.webp 1200w, https:\/\/www.organicfarming-italy.com\/wp-content\/uploads\/Alles-ueber-Olivenbaum-Patenschaften-Geschenkpaket-500x281.webp 500w, https:\/\/www.organicfarming-italy.com\/wp-content\/uploads\/Alles-ueber-Olivenbaum-Patenschaften-Geschenkpaket-900x506.webp 900w, https:\/\/www.organicfarming-italy.com\/wp-content\/uploads\/Alles-ueber-Olivenbaum-Patenschaften-Geschenkpaket-1156x650.webp 1156w, https:\/\/www.organicfarming-italy.com\/wp-content\/uploads\/Alles-ueber-Olivenbaum-Patenschaften-Geschenkpaket-768x432.webp 768w\" sizes=\"(max-width: 250px) 100vw, 250px\" \/><\/p>\n<h3>Ce que contient ce paquet cadeau sp\u00e9cial :<\/h3>\n<ul>\n<li><strong>Parrainage pour un an :<\/strong> le b\u00e9n\u00e9ficiaire du cadeau parraine un olivier pendant un an et fait partie d&#8217;un projet durable en Italie.<\/li>\n<li><strong>Coffret cadeau \u00e9l\u00e9gant :<\/strong> le coffret cadeau \u00e9l\u00e9gant est livr\u00e9 dans un emballage durable et comprend<\/li>\n<li>Un <strong>certificat de parrainage de haute qualit\u00e9<\/strong>, encadr\u00e9 dans du bois blanc v\u00e9ritable - un vrai bijou pour chaque pi\u00e8ce.<\/li>\n<li>Une petite bouteille d&#8217;huile d&#8217;olive bio de la ferme en pr\u00e9vision de la r\u00e9colte de ton propre arbre.<\/li>\n<\/ul>\n<h3>Un cadeau sp\u00e9cial avec un lien personnel et de beaux souvenirs<\/h3>\n<p>Le cadeau ne s&#8217;arr\u00eate pas \u00e0 la remise : le b\u00e9n\u00e9ficiaire re\u00e7oit un acc\u00e8s \u00e0 un dossier Dropbox exclusif dans lequel les photos, les vid\u00e9os et le certificat de parrainage sont stock\u00e9s num\u00e9riquement. En option, nous pouvons m\u00eame cr\u00e9er un groupe WhatsApp pour partager r\u00e9guli\u00e8rement des mises \u00e0 jour sur l&#8217;arbre et son d\u00e9veloppement. Ainsi, le lien avec l&#8217;arbre est vivant et le cadeau reste toujours en m\u00e9moire.  <\/p>\n<h3>Durabilit\u00e9 et tradition r\u00e9unies dans un cadeau sp\u00e9cial<\/h3>\n<p>Ce cadeau unique ne fait pas seulement plaisir \u00e0 celui qui le re\u00e7oit, il contribue aussi activement \u00e0 la protection de l&#8217;environnement et \u00e0 la promotion de l&#8217;agriculture locale. Une partie du parrainage est revers\u00e9e \u00e0 l&#8217;initiative <a href=\"https:\/\/www.organicfarming-italy.com\/fr\/soutien-producteurs-olives-bio\/\"><strong>&#8220;Rete Tesori della Riviera&#8221;<\/strong><\/a>, qui s&#8217;engage pour la pr\u00e9servation de l&#8217;agriculture biologique en Ligurie. En m\u00eame temps, il soutient le travail manuel traditionnel et l&#8217;h\u00e9ritage culturel de la r\u00e9gion.  <\/p>\n<h3>Un cadeau sp\u00e9cial avec des options d&#8217;envoi flexibles :<\/h3>\n<p>Le paquet cadeau peut \u00eatre facilement envoy\u00e9 chez toi ou directement \u00e0 la personne \u00e0 qui tu l&#8217;offres - parfait pour toutes les occasions, que ce soit un anniversaire, No\u00ebl ou un cadeau romantique.<\/p>\n<h3>Notre mission : un cadeau sp\u00e9cial pour l&#8217;homme et l&#8217;environnement<\/h3>\n<p>Nos fermes suivent les normes biologiques les plus strictes et utilisent des techniques de production innovantes, pratiquement sans d\u00e9chets. Le paquet cadeau lui-m\u00eame est emball\u00e9 de mani\u00e8re durable : Nous utilisons des mat\u00e9riaux recycl\u00e9s ou du carton d&#8217;herbe, compos\u00e9 \u00e0 60% d&#8217;herbe - un petit pas pour rendre le monde un peu plus vert. <\/p>\n<h3 class=\"h3\">Liens int\u00e9ressants<\/h3>\n<h5><a href=\"https:\/\/www.organicfarming-italy.com\/fr\/impressionnant-tout-sur-les-oliviers\/\">Tout sur les oliviers<\/a><\/h5>\n","protected":false},"excerpt":{"rendered":"<p><strong>Un cadeau unique<\/strong> pour tous ceux qui appr\u00e9cient la <strong>durabilit\u00e9 et la tradition<\/strong> : L\u2019<strong>adoption de votre propre olivier bio<\/strong> en Ligurie, Italie. Votre arbre de la noble vari\u00e9t\u00e9 <strong>\u00ab Taggiasca \u00bb<\/strong> recevra une plaque nominative artisanale en bois d\u2019olivier avec le nom du b\u00e9n\u00e9ficiaire. <\/p>\n<p>Le coffret cadeau comprend un <strong>certificat de parrainage encadr\u00e9<\/strong>, des photos et une vid\u00e9o de l\u2019arbre, ainsi qu\u2019une petite bouteille d\u2019<strong>huile d\u2019olive bio<\/strong>. En hiver, apr\u00e8s la r\u00e9colte, vous pourrez acheter de l\u2019<strong>huile d\u2019olive extra vierge bio de premi\u00e8re qualit\u00e9<\/strong> provenant de votre arbre \u2013 un plaisir durable. <\/p>\n<p>Avec votre parrainage, vous soutenez l\u2019initiative <strong>\u00ab Rete Tesori della Riviera \u00bb<\/strong>, qui \u0153uvre pour les agriculteurs biologiques en Ligurie. L\u2019arbre peut \u00eatre visit\u00e9 \u00e0 tout moment, et le cadeau procure une joie durable \u2013 un <strong>cadeau vraiment sp\u00e9cial<\/strong>. <a href=\"https:\/\/www.organicfarming-italy.com\/fr\/shop\/olivier-adopter\/\"><strong>D\u00e9couvrez-en plus d\u00e8s maintenant !<\/strong><\/a> <\/p>\n","protected":false},"featured_media":1002086,"comment_status":"open","ping_status":"closed","template":"","meta":[],"product_brand":[],"product_cat":[416,274],"product_tag":[291,426],"class_list":{"0":"post-1002089","1":"product","2":"type-product","3":"status-publish","4":"has-post-thumbnail","6":"product_cat-produits","7":"product_cat-renouvellements-de-parrainage-doliviers","8":"product_tag-cadeau-special","9":"product_tag-parrainage-dun-olivier-fr","10":"product_shipping_class-to-2-kg-fr","11":"wcpa_has_options","13":"first","14":"instock","15":"sold-individually","16":"taxable","17":"shipping-taxable","18":"purchasable","19":"product-type-variable","20":"has-default-attributes"},"wcpa_form_fields":{"wcpaData":{"product":{"product_price":72.49,"price_html":"<span class=\"woocommerce-Price-amount amount\"><bdi>72,49&nbsp;<span class=\"woocommerce-Price-currencySymbol\">&euro;<\/span><\/bdi><\/span> <small class=\"woocommerce-price-suffix\">TTC<\/small>","original_product_price":72.49,"price_including_tax":72.49,"price_excluding_tax":67.747664,"product_id":{"parent":1002089,"variation":false},"is_variable":true,"stock_status":"instock","stock_quantity":null,"parent_sku":"ADO_ALB_REG_2025_NO-OIL","product_attributes":{"pa_anbau":{"is_variation":false,"values":["certifie-biologique-organique"]},"pa_groesse-deines-olivenbaumes":{"is_variation":true,"values":[]},"pa_marke":{"is_variation":false,"values":["organic-farming-italy-fr"]},"pa_dauer-der-patenschaft":{"is_variation":false,"values":["un-an-prolongation-possible-mais-pas-automatique"]},"pa_lieferzeit-geschenkpaket":{"is_variation":false,"values":["2-3-werktage-fr"]},"pa_olivensorte":{"is_variation":false,"values":["taggiasca-olive-fr"]},"pa_qualitaet":{"is_variation":false,"values":["certifie-biologique"]}},"custom_fields":[],"is_taxable":true,"product_name":"Un cadeau sp\u00e9cial : l'adoption d'un olivier bio","hasImage":false},"fields":{"sec_1670bafe5eaaa9":{"extra":{"key":"sec_1670bafe5eaaa9","section_id":"sec_1670bafe5eaaa9","name":"Default","status":1,"toggle":true,"form_id":1001083,"form_rules":{"exclude_from_discount":false,"fee_label":"Frais","disp_hide_options_price":false,"disp_show_section_price":false,"disp_show_field_price":true,"layout_option":"standard","pric_use_as_fee":false,"process_fee_as":"woo_fee"},"layout_option":"standard"},"fields":[[{"active":true,"col":6,"relations":false,"cl_rule":"show","enableCl":false,"price":"","enablePrice":false,"className":"name-urkunde","type":"text","subtype":"text","required":true,"elementId":"text_7670bafe5eaabd","label":"2. Un nom pour votre olivier ?","name":"text_7670bafe5eaabd","value":"","error":false,"placeholder":"Gebe hier den Namen ein (max. 25 Zeichen)","description":"Le nom appara\u00eet sur la plaque en bois et le certificat.","maxlength":"25","gt_translate_keys":["label","placeholder","description","value"],"price_dependency":false,"cl_dependency":false}],[{"active":true,"col":4,"relations":[],"cl_rule":"show","enableCl":false,"price":"","enablePrice":false,"className":"","type":"date","required":true,"elementId":"date_0670bafe5eaac9","name":"date_0670bafe5eaac9","label":"3. Une date sp\u00e9ciale ?","picker_type":"custom","picker_mode":"single","error":false,"description":"Si vous souhaitez une date sp\u00e9ciale sur votre certificat ...","date_pic_conf":{"dateFormat":"d\/m\/y"},"min_date":"","placeholder":"Hier klicken","value":"2025-01-05","cartLabel":"Datum:","gt_translate_keys":["label","placeholder","description","value"],"price_dependency":false,"cl_dependency":false}]]},"sec_1670a8b3443cd0":{"extra":{"key":"sec_1670a8b3443cd0","section_id":"sec_1670a8b3443cd0","name":"Default","status":1,"toggle":true,"form_id":1001131,"form_rules":{"exclude_from_discount":false,"fee_label":"Frais","disp_hide_options_price":false,"disp_show_section_price":false,"disp_show_field_price":true,"layout_option":"standard","pric_use_as_fee":false,"process_fee_as":"woo_fee"},"layout_option":"standard"},"fields":[[{"active":true,"col":6,"relations":false,"cl_rule":"show","enableCl":false,"price":"","enablePrice":false,"className":"name-urkunde","type":"text","subtype":"text","required":true,"elementId":"text_5670a8b3443ceb","label":"2. Un nom pour votre olivier ?","name":"text_5670a8b3443ceb","value":"","error":false,"placeholder":"Entrez le nom ici (max. 25 caract\u00e8res)","description":"Le nom appara\u00eet sur le panneau en bois et l'attestation de votre extension","maxlength":"25","gt_translate_keys":["label","placeholder","description","value"],"price_dependency":false,"cl_dependency":false}],[{"label":"3. Votre num\u00e9ro d'adoption actuel ?","active":true,"required":true,"elementId":"text-7452266371","value":"","placeholder":"par exemple #000000","description":"Nous avons besoin du num\u00e9ro pour trouver votre arbre","name":"text-7452266371","enablePrice":false,"className":"name-urkunde","enableCl":false,"relations":false,"subtype":"text","maxlength":"25","price":"","cl_rule":"show","col":4,"type":"text","error":false,"gt_translate_keys":["label","placeholder","description","value"],"price_dependency":false,"cl_dependency":false}],[{"active":true,"col":3,"relations":[],"cl_rule":"show","enableCl":false,"price":"","enablePrice":false,"className":"","type":"date","required":true,"elementId":"date_0670a8b3443cf5","name":"date_0670a8b3443cf5","label":"4. Une date sp\u00e9ciale ?","picker_type":"custom","picker_mode":"single","error":false,"description":"Si vous souhaitez avoir une date sp\u00e9ciale sur le certificat de renouvellement, s\u00e9lectionnez-la ici","date_pic_conf":{"dateFormat":"d\/m\/y"},"placeholder":"Hier klicken ","gt_translate_keys":["label","placeholder","description"],"price_dependency":false,"cl_dependency":false,"value":""}]]}},"config":{"price_override":"","enable_recaptcha":false,"bind_quantity":false,"quantity_bind_formula":false,"disp_summ_show_option_price":true,"disp_summ_show_product_price":true,"disp_summ_show_total_price":true,"disp_summ_show_fee":true,"disp_summ_show_discount":false,"summary_title":"","options_total_label":"Votre extra","total_label":"Total","options_product_label":"Prix du produit","fee_label":"Frais","discount_label":"Rabatt","has_price":true,"has_quantity_formula":false},"mc_unit":1,"tax_rate":1,"tax_rate_real":0.07,"discount":{"percentage":0,"fixed":0},"design":{"conf":{"LabelPosition":"above","DescPosition":"below","UploadField":"custom_1","QuantityFieldStyle":"custom_1"},"css":{"LeftLabelWidth":"120px"}},"formulas":[],"lookuptables":[],"clones":false,"cartKey":false}},"_links":{"self":[{"href":"https:\/\/www.organicfarming-italy.com\/fr\/wp-json\/wp\/v2\/product\/1002089","targetHints":{"allow":["GET"]}}],"collection":[{"href":"https:\/\/www.organicfarming-italy.com\/fr\/wp-json\/wp\/v2\/product"}],"about":[{"href":"https:\/\/www.organicfarming-italy.com\/fr\/wp-json\/wp\/v2\/types\/product"}],"replies":[{"embeddable":true,"href":"https:\/\/www.organicfarming-italy.com\/fr\/wp-json\/wp\/v2\/comments?post=1002089"}],"version-history":[{"count":4,"href":"https:\/\/www.organicfarming-italy.com\/fr\/wp-json\/wp\/v2\/product\/1002089\/revisions"}],"predecessor-version":[{"id":1007390,"href":"https:\/\/www.organicfarming-italy.com\/fr\/wp-json\/wp\/v2\/product\/1002089\/revisions\/1007390"}],"wp:featuredmedia":[{"embeddable":true,"href":"https:\/\/www.organicfarming-italy.com\/fr\/wp-json\/wp\/v2\/media\/1002086"}],"wp:attachment":[{"href":"https:\/\/www.organicfarming-italy.com\/fr\/wp-json\/wp\/v2\/media?parent=1002089"}],"wp:term":[{"taxonomy":"product_brand","embeddable":true,"href":"https:\/\/www.organicfarming-italy.com\/fr\/wp-json\/wp\/v2\/product_brand?post=1002089"},{"taxonomy":"product_cat","embeddable":true,"href":"https:\/\/www.organicfarming-italy.com\/fr\/wp-json\/wp\/v2\/product_cat?post=1002089"},{"taxonomy":"product_tag","embeddable":true,"href":"https:\/\/www.organicfarming-italy.com\/fr\/wp-json\/wp\/v2\/product_tag?post=1002089"}],"curies":[{"name":"wp","href":"https:\/\/api.w.org\/{rel}","templated":true}]}}